{"id":558,"date":"2021-12-10T17:24:13","date_gmt":"2021-12-10T16:24:13","guid":{"rendered":"http:\/\/poolonijnyrodzicna6.com\/?page_id=558"},"modified":"2022-08-27T05:25:04","modified_gmt":"2022-08-27T05:25:04","slug":"napisali-o-nas","status":"publish","type":"page","link":"https:\/\/www.polonijnyrodzicna6.com\/index.php\/napisali-o-nas\/","title":{"rendered":"Napisali o nas"},"content":{"rendered":"<p>[vc_row][vc_column]   \r\n  \r\n <!--Column-->\r\n\r\n    <section class=\"latest-blog bg-grey\">\r\n    \t<div class=\"auto-container\">\r\n        \t<div class=\"row clearfix\">\r\n            \t\r\n              \r\n\t\t\t  \t\t\t\t<!--Blog Post-->\r\n                <article class=\"blog-post col-md-6 col-sm-6 col-xs-12\">\r\n                    <div class=\"post-inner anim-5-all\">\r\n                    \r\n                        <figure class=\"image\">\r\n                        \t<img loading=\"lazy\" decoding=\"async\" width=\"625\" height=\"350\" src=\"https:\/\/www.polonijnyrodzicna6.com\/wp-content\/uploads\/2023\/08\/napisali_polonijny_rodzic-625x350.png\" class=\"img-responsive wp-post-image\" alt=\"\" \/>                            <div class=\"overlay anim-5-all\"><div class=\"link-icon\"><a href=\"https:\/\/www.polonijnyrodzicna6.com\/index.php\/2024\/08\/13\/zycie-kolorado\/\" class=\"fa fa-link\"><\/a><\/div><\/div>\r\n                        <\/figure>\r\n                        <div class=\"content\">\r\n                        \t<h3><a href=\"https:\/\/www.polonijnyrodzicna6.com\/index.php\/2024\/08\/13\/zycie-kolorado\/\">Zycie Kolorado<\/a><\/h3>\r\n                            <div class=\"description\"><p><\/p><\/div>\r\n                            <div class=\"info clearfix\">\r\n                                <p class=\"more pull-right text-right\"><a href=\"https:\/\/www.polonijnyrodzicna6.com\/index.php\/2024\/08\/13\/zycie-kolorado\/\">Read More<\/a><\/p>\r\n                            \t<p class=\"date pull-left\">posted on <span class=\"theme-color\"> 13 sierpnia<\/span> ,2024<\/p>\r\n                            <\/div>\r\n                        <\/div>\r\n                    <\/div>\r\n                <\/article>\r\n                  \t\t\t\t<!--Blog Post-->\r\n                <article class=\"blog-post col-md-6 col-sm-6 col-xs-12\">\r\n                    <div class=\"post-inner anim-5-all\">\r\n                    \r\n                        <figure class=\"image\">\r\n                        \t<img loading=\"lazy\" decoding=\"async\" width=\"625\" height=\"350\" src=\"https:\/\/www.polonijnyrodzicna6.com\/wp-content\/uploads\/2023\/08\/napisali_polonijny_rodzic-625x350.png\" class=\"img-responsive wp-post-image\" alt=\"\" \/>                            <div class=\"overlay anim-5-all\"><div class=\"link-icon\"><a href=\"https:\/\/www.polonijnyrodzicna6.com\/index.php\/2024\/07\/14\/radio-rampa\/\" class=\"fa fa-link\"><\/a><\/div><\/div>\r\n                        <\/figure>\r\n                        <div class=\"content\">\r\n                        \t<h3><a href=\"https:\/\/www.polonijnyrodzicna6.com\/index.php\/2024\/07\/14\/radio-rampa\/\">Radio RAMPA<\/a><\/h3>\r\n                            <div class=\"description\"><p><\/p><\/div>\r\n                            <div class=\"info clearfix\">\r\n                                <p class=\"more pull-right text-right\"><a href=\"https:\/\/www.polonijnyrodzicna6.com\/index.php\/2024\/07\/14\/radio-rampa\/\">Read More<\/a><\/p>\r\n                            \t<p class=\"date pull-left\">posted on <span class=\"theme-color\"> 14 lipca<\/span> ,2024<\/p>\r\n                            <\/div>\r\n                        <\/div>\r\n                    <\/div>\r\n                <\/article>\r\n                  \t\t\t\t<!--Blog Post-->\r\n                <article class=\"blog-post col-md-6 col-sm-6 col-xs-12\">\r\n                    <div class=\"post-inner anim-5-all\">\r\n                    \r\n                        <figure class=\"image\">\r\n                        \t<img loading=\"lazy\" decoding=\"async\" width=\"625\" height=\"350\" src=\"https:\/\/www.polonijnyrodzicna6.com\/wp-content\/uploads\/2023\/08\/napisali_polonijny_rodzic-625x350.png\" class=\"img-responsive wp-post-image\" alt=\"\" \/>                            <div class=\"overlay anim-5-all\"><div class=\"link-icon\"><a href=\"https:\/\/www.polonijnyrodzicna6.com\/index.php\/2024\/07\/10\/wspaniale-jest-byc-polonijnym-rodzicem-na-6\/\" class=\"fa fa-link\"><\/a><\/div><\/div>\r\n                        <\/figure>\r\n                        <div class=\"content\">\r\n                        \t<h3><a href=\"https:\/\/www.polonijnyrodzicna6.com\/index.php\/2024\/07\/10\/wspaniale-jest-byc-polonijnym-rodzicem-na-6\/\">Wspaniale jest by\u0107 Polonijnym Rodzicem na 6!<\/a><\/h3>\r\n                            <div class=\"description\"><p>Konkurs\u00a0Polonijny Rodzic na 6\u00a0zosta\u0142 zainicjowany przez Komisj\u0119 Kulturalno-O\u015bwiatow\u0105 \u201cSzko\u0142a Polska\u201d w Portland w ramach XV Zjazdu Nauczycieli Polonijnych i Komitet\u00f3w Rodzicielskich w Portland w 2018 ...<\/p><\/div>\r\n                            <div class=\"info clearfix\">\r\n                                <p class=\"more pull-right text-right\"><a href=\"https:\/\/www.polonijnyrodzicna6.com\/index.php\/2024\/07\/10\/wspaniale-jest-byc-polonijnym-rodzicem-na-6\/\">Read More<\/a><\/p>\r\n                            \t<p class=\"date pull-left\">posted on <span class=\"theme-color\"> 10 lipca<\/span> ,2024<\/p>\r\n                            <\/div>\r\n                        <\/div>\r\n                    <\/div>\r\n                <\/article>\r\n                  \t\t\t\t<!--Blog Post-->\r\n                <article class=\"blog-post col-md-6 col-sm-6 col-xs-12\">\r\n                    <div class=\"post-inner anim-5-all\">\r\n                    \r\n                        <figure class=\"image\">\r\n                        \t<img loading=\"lazy\" decoding=\"async\" width=\"625\" height=\"350\" src=\"https:\/\/www.polonijnyrodzicna6.com\/wp-content\/uploads\/2023\/08\/napisali_polonijny_rodzic-625x350.png\" class=\"img-responsive wp-post-image\" alt=\"\" \/>                            <div class=\"overlay anim-5-all\"><div class=\"link-icon\"><a href=\"https:\/\/www.polonijnyrodzicna6.com\/index.php\/2024\/03\/18\/polishnews24-2\/\" class=\"fa fa-link\"><\/a><\/div><\/div>\r\n                        <\/figure>\r\n                        <div class=\"content\">\r\n                        \t<h3><a href=\"https:\/\/www.polonijnyrodzicna6.com\/index.php\/2024\/03\/18\/polishnews24-2\/\">PolishNews24<\/a><\/h3>\r\n                            <div class=\"description\"><p>Artyku\u0142 o konkursie\u00a0ukaza\u0142\u00a0na portalu PolishNews24<\/p><\/div>\r\n                            <div class=\"info clearfix\">\r\n                                <p class=\"more pull-right text-right\"><a href=\"https:\/\/www.polonijnyrodzicna6.com\/index.php\/2024\/03\/18\/polishnews24-2\/\">Read More<\/a><\/p>\r\n                            \t<p class=\"date pull-left\">posted on <span class=\"theme-color\"> 18 marca<\/span> ,2024<\/p>\r\n                            <\/div>\r\n                        <\/div>\r\n                    <\/div>\r\n                <\/article>\r\n                  \t\t\t\t<!--Blog Post-->\r\n                <article class=\"blog-post col-md-6 col-sm-6 col-xs-12\">\r\n                    <div class=\"post-inner anim-5-all\">\r\n                    \r\n                        <figure class=\"image\">\r\n                        \t<img loading=\"lazy\" decoding=\"async\" width=\"625\" height=\"350\" src=\"https:\/\/www.polonijnyrodzicna6.com\/wp-content\/uploads\/2021\/08\/napisali_polonijny_rodzic_NY-625x350.png\" class=\"img-responsive wp-post-image\" alt=\"\" \/>                            <div class=\"overlay anim-5-all\"><div class=\"link-icon\"><a href=\"https:\/\/www.polonijnyrodzicna6.com\/index.php\/2024\/03\/12\/zaangazowanie-w-zycie-szkoly\/\" class=\"fa fa-link\"><\/a><\/div><\/div>\r\n                        <\/figure>\r\n                        <div class=\"content\">\r\n                        \t<h3><a href=\"https:\/\/www.polonijnyrodzicna6.com\/index.php\/2024\/03\/12\/zaangazowanie-w-zycie-szkoly\/\">Zaanga\u017cowanie w \u017cycie szko\u0142y<\/a><\/h3>\r\n                            <div class=\"description\"><p>Jak zach\u0119ci\u0107 rodzic\u00f3w do czynnego zaanga\u017cowania si\u0119 w \u017cycie szko\u0142y? Swoimi przemy\u015bleniami dzieli si\u0119 Pani Edyta, jurorka konkursu Polonijny Rodzic na 6.<\/p><\/div>\r\n                            <div class=\"info clearfix\">\r\n                                <p class=\"more pull-right text-right\"><a href=\"https:\/\/www.polonijnyrodzicna6.com\/index.php\/2024\/03\/12\/zaangazowanie-w-zycie-szkoly\/\">Read More<\/a><\/p>\r\n                            \t<p class=\"date pull-left\">posted on <span class=\"theme-color\"> 12 marca<\/span> ,2024<\/p>\r\n                            <\/div>\r\n                        <\/div>\r\n                    <\/div>\r\n                <\/article>\r\n                  \t\t\t\t<!--Blog Post-->\r\n                <article class=\"blog-post col-md-6 col-sm-6 col-xs-12\">\r\n                    <div class=\"post-inner anim-5-all\">\r\n                    \r\n                        <figure class=\"image\">\r\n                        \t<img loading=\"lazy\" decoding=\"async\" width=\"625\" height=\"350\" src=\"https:\/\/www.polonijnyrodzicna6.com\/wp-content\/uploads\/2023\/08\/napisali_polonijny_rodzic-625x350.png\" class=\"img-responsive wp-post-image\" alt=\"\" \/>                            <div class=\"overlay anim-5-all\"><div class=\"link-icon\"><a href=\"https:\/\/www.polonijnyrodzicna6.com\/index.php\/2024\/03\/10\/polonika\/\" class=\"fa fa-link\"><\/a><\/div><\/div>\r\n                        <\/figure>\r\n                        <div class=\"content\">\r\n                        \t<h3><a href=\"https:\/\/www.polonijnyrodzicna6.com\/index.php\/2024\/03\/10\/polonika\/\">Polonika<\/a><\/h3>\r\n                            <div class=\"description\"><p>W czasopi\u015bmie &#8222;Polonika&#8221; ukaza\u0142 si\u0119 ciekawy wywiad z ubieg\u0142oroczn\u0105 laureatk\u0105 naszego konkursu pani\u0105 Joann\u0105 Kasprzyk z Austrii. Gratulujemy laureatce i zapraszamy do lektury.\u00a0<\/p><\/div>\r\n                            <div class=\"info clearfix\">\r\n                                <p class=\"more pull-right text-right\"><a href=\"https:\/\/www.polonijnyrodzicna6.com\/index.php\/2024\/03\/10\/polonika\/\">Read More<\/a><\/p>\r\n                            \t<p class=\"date pull-left\">posted on <span class=\"theme-color\"> 10 marca<\/span> ,2024<\/p>\r\n                            <\/div>\r\n                        <\/div>\r\n                    <\/div>\r\n                <\/article>\r\n                  \t\t\t\t<!--Blog Post-->\r\n                <article class=\"blog-post col-md-6 col-sm-6 col-xs-12\">\r\n                    <div class=\"post-inner anim-5-all\">\r\n                    \r\n                        <figure class=\"image\">\r\n                        \t<img loading=\"lazy\" decoding=\"async\" width=\"625\" height=\"350\" src=\"https:\/\/www.polonijnyrodzicna6.com\/wp-content\/uploads\/2021\/08\/napisali_polonijny_rodzic_NY-625x350.png\" class=\"img-responsive wp-post-image\" alt=\"\" \/>                            <div class=\"overlay anim-5-all\"><div class=\"link-icon\"><a href=\"https:\/\/www.polonijnyrodzicna6.com\/index.php\/2023\/05\/28\/uroczyste-obchody-jubileuszu-25-3\/\" class=\"fa fa-link\"><\/a><\/div><\/div>\r\n                        <\/figure>\r\n                        <div class=\"content\">\r\n                        \t<h3><a href=\"https:\/\/www.polonijnyrodzicna6.com\/index.php\/2023\/05\/28\/uroczyste-obchody-jubileuszu-25-3\/\">Uroczyste obchody jubileuszu 25 + 3<\/a><\/h3>\r\n                            <div class=\"description\"><p>Uroczyste obchody jubileuszu 25 + 3 \u2013 lecia Szko\u0142y Polskiej w Portland,OR W niedziel\u0119 14 maja odby\u0142y si\u0119 uroczyste obchody 25 + 3 \u2013 lecia ...<\/p><\/div>\r\n                            <div class=\"info clearfix\">\r\n                                <p class=\"more pull-right text-right\"><a href=\"https:\/\/www.polonijnyrodzicna6.com\/index.php\/2023\/05\/28\/uroczyste-obchody-jubileuszu-25-3\/\">Read More<\/a><\/p>\r\n                            \t<p class=\"date pull-left\">posted on <span class=\"theme-color\"> 28 maja<\/span> ,2023<\/p>\r\n                            <\/div>\r\n                        <\/div>\r\n                    <\/div>\r\n                <\/article>\r\n                  \t\t\t\t<!--Blog Post-->\r\n                <article class=\"blog-post col-md-6 col-sm-6 col-xs-12\">\r\n                    <div class=\"post-inner anim-5-all\">\r\n                    \r\n                        <figure class=\"image\">\r\n                        \t<img loading=\"lazy\" decoding=\"async\" width=\"625\" height=\"350\" src=\"https:\/\/www.polonijnyrodzicna6.com\/wp-content\/uploads\/2023\/08\/napisali_polonijny_rodzic-625x350.png\" class=\"img-responsive wp-post-image\" alt=\"\" \/>                            <div class=\"overlay anim-5-all\"><div class=\"link-icon\"><a href=\"https:\/\/www.polonijnyrodzicna6.com\/index.php\/2023\/01\/22\/polishnews24\/\" class=\"fa fa-link\"><\/a><\/div><\/div>\r\n                        <\/figure>\r\n                        <div class=\"content\">\r\n                        \t<h3><a href=\"https:\/\/www.polonijnyrodzicna6.com\/index.php\/2023\/01\/22\/polishnews24\/\">PolishNews24<\/a><\/h3>\r\n                            <div class=\"description\"><p>Artyku\u0142 o naszym konkursie na portalu informacyjno-polonijnym PolishNews24. Rozpocz\u0119\u0142a si\u0119 VI edycja mi\u0119dzynarodowego konkursu \u201ePolonijny Rodzic na 6\u201d. Konkurs ma na celu docenienie roli rodzica ...<\/p><\/div>\r\n                            <div class=\"info clearfix\">\r\n                                <p class=\"more pull-right text-right\"><a href=\"https:\/\/www.polonijnyrodzicna6.com\/index.php\/2023\/01\/22\/polishnews24\/\">Read More<\/a><\/p>\r\n                            \t<p class=\"date pull-left\">posted on <span class=\"theme-color\"> 22 stycznia<\/span> ,2023<\/p>\r\n                            <\/div>\r\n                        <\/div>\r\n                    <\/div>\r\n                <\/article>\r\n                  \t\t\t\t<!--Blog Post-->\r\n                <article class=\"blog-post col-md-6 col-sm-6 col-xs-12\">\r\n                    <div class=\"post-inner anim-5-all\">\r\n                    \r\n                        <figure class=\"image\">\r\n                        \t<img loading=\"lazy\" decoding=\"async\" width=\"625\" height=\"350\" src=\"https:\/\/www.polonijnyrodzicna6.com\/wp-content\/uploads\/2016\/06\/poloijny_rodzic2021-625x350.png\" class=\"img-responsive wp-post-image\" alt=\"\" \/>                            <div class=\"overlay anim-5-all\"><div class=\"link-icon\"><a href=\"https:\/\/www.polonijnyrodzicna6.com\/index.php\/2021\/08\/03\/laureaci-iv-edycji-konkursu\/\" class=\"fa fa-link\"><\/a><\/div><\/div>\r\n                        <\/figure>\r\n                        <div class=\"content\">\r\n                        \t<h3><a href=\"https:\/\/www.polonijnyrodzicna6.com\/index.php\/2021\/08\/03\/laureaci-iv-edycji-konkursu\/\">Laureaci IV edycji konkursu<\/a><\/h3>\r\n                            <div class=\"description\"><p>Laureaci IV edycji konkursu \u201ePolonijny Rodzic na 6\u201d 2021: Agnieszka Kokojenko, Australia Izabela Smet, Belgia Barbara Stycze\u0144, Kanada Bart\u0142omiej Patzer, Katar Halyna Pilat, Ukraina Krzysztof ...<\/p><\/div>\r\n                            <div class=\"info clearfix\">\r\n                                <p class=\"more pull-right text-right\"><a href=\"https:\/\/www.polonijnyrodzicna6.com\/index.php\/2021\/08\/03\/laureaci-iv-edycji-konkursu\/\">Read More<\/a><\/p>\r\n                            \t<p class=\"date pull-left\">posted on <span class=\"theme-color\"> 03 sierpnia<\/span> ,2021<\/p>\r\n                            <\/div>\r\n                        <\/div>\r\n                    <\/div>\r\n                <\/article>\r\n                  \t\t\t\t<!--Blog Post-->\r\n                <article class=\"blog-post col-md-6 col-sm-6 col-xs-12\">\r\n                    <div class=\"post-inner anim-5-all\">\r\n                    \r\n                        <figure class=\"image\">\r\n                        \t<img loading=\"lazy\" decoding=\"async\" width=\"625\" height=\"350\" src=\"https:\/\/www.polonijnyrodzicna6.com\/wp-content\/uploads\/2021\/08\/napisali_polonijny_rodzic_NY-625x350.png\" class=\"img-responsive wp-post-image\" alt=\"\" \/>                            <div class=\"overlay anim-5-all\"><div class=\"link-icon\"><a href=\"https:\/\/www.polonijnyrodzicna6.com\/index.php\/2021\/07\/23\/nasza-szkola\/\" class=\"fa fa-link\"><\/a><\/div><\/div>\r\n                        <\/figure>\r\n                        <div class=\"content\">\r\n                        \t<h3><a href=\"https:\/\/www.polonijnyrodzicna6.com\/index.php\/2021\/07\/23\/nasza-szkola\/\">Nasza szko\u0142a<\/a><\/h3>\r\n                            <div class=\"description\"><p>Nasza szko\u0142a jest przed\u0142u\u017ceniem domu! Nasz portal zaczyna nowy cykl, w kt\u00f3rym przedstawiamy rodzic\u00f3w zaanga\u017cowanych i oddanych sprawom szko\u0142y polonijnej. Krzysztof Wr\u00f3blewski, rodzic ze Szko\u0142y ...<\/p><\/div>\r\n                            <div class=\"info clearfix\">\r\n                                <p class=\"more pull-right text-right\"><a href=\"https:\/\/www.polonijnyrodzicna6.com\/index.php\/2021\/07\/23\/nasza-szkola\/\">Read More<\/a><\/p>\r\n                            \t<p class=\"date pull-left\">posted on <span class=\"theme-color\"> 23 lipca<\/span> ,2021<\/p>\r\n                            <\/div>\r\n                        <\/div>\r\n                    <\/div>\r\n                <\/article>\r\n                                 \r\n               \r\n            <\/div>\r\n        <\/div>\r\n    <\/section>\r\n    \r\n                \r\n[\/vc_column][\/vc_row]<\/p>\n","protected":false},"excerpt":{"rendered":"<p>[vc_row][vc_column][\/vc_column][\/vc_row]<\/p>\n","protected":false},"author":1,"featured_media":0,"parent":0,"menu_order":0,"comment_status":"open","ping_status":"closed","template":"tpl-visual_composer.php","meta":{"footnotes":""},"class_list":["post-558","page","type-page","status-publish","hentry"],"_links":{"self":[{"href":"https:\/\/www.polonijnyrodzicna6.com\/index.php\/wp-json\/wp\/v2\/pages\/558","targetHints":{"allow":["GET"]}}],"collection":[{"href":"https:\/\/www.polonijnyrodzicna6.com\/index.php\/wp-json\/wp\/v2\/pages"}],"about":[{"href":"https:\/\/www.polonijnyrodzicna6.com\/index.php\/wp-json\/wp\/v2\/types\/page"}],"author":[{"embeddable":true,"href":"https:\/\/www.polonijnyrodzicna6.com\/index.php\/wp-json\/wp\/v2\/users\/1"}],"replies":[{"embeddable":true,"href":"https:\/\/www.polonijnyrodzicna6.com\/index.php\/wp-json\/wp\/v2\/comments?post=558"}],"version-history":[{"count":1,"href":"https:\/\/www.polonijnyrodzicna6.com\/index.php\/wp-json\/wp\/v2\/pages\/558\/revisions"}],"predecessor-version":[{"id":1158,"href":"https:\/\/www.polonijnyrodzicna6.com\/index.php\/wp-json\/wp\/v2\/pages\/558\/revisions\/1158"}],"wp:attachment":[{"href":"https:\/\/www.polonijnyrodzicna6.com\/index.php\/wp-json\/wp\/v2\/media?parent=558"}],"curies":[{"name":"wp","href":"https:\/\/api.w.org\/{rel}","templated":true}]}}