{"id":150,"date":"2016-06-09T12:10:12","date_gmt":"2016-06-09T10:10:12","guid":{"rendered":"http:\/\/wp1.themexlab.com\/m3\/builder\/?page_id=150"},"modified":"2026-01-11T17:21:44","modified_gmt":"2026-01-11T17:21:44","slug":"zgoda-polonijny-rodzic-na6","status":"publish","type":"page","link":"https:\/\/www.polonijnyrodzicna6.com\/index.php\/zgoda-polonijny-rodzic-na6\/","title":{"rendered":"Zgoda"},"content":{"rendered":"<p>[vc_row container=&#8221;1&#8243; css=&#8221;.vc_custom_1465474475846{margin-top: 100px !important;}&#8221;][vc_column width=&#8221;3\/12&#8243;][vc_wp_custommenu nav_menu=&#8221;25&#8243;][\/vc_column][vc_column width=&#8221;9\/12&#8243;][vc_column_text]<\/p>\n<p style=\"text-align: center;\">Za\u0142\u0105cznik nr 3.<\/p>\n<p style=\"text-align: center;\">na u\u017cycie informacji o laureacie w promocji<br \/>\nkonkursu \u201cPolonijny Rodzic na 6\u201d 2026<\/p>\n<p style=\"text-align: center;\">Czas trwania 1.01.2026- 31.03.2026<\/p>\n<p>[\/vc_column_text][vc_empty_space][vc_column_text]W przypadku zostania laureatem konkursu wyra\u017cam zgod\u0119 na:<\/p>\n<p>a) przedstawienie mojej sylwetki w publikacjach i na stronach medialnych organizator\u00f3w<br \/>\nkonkursu,<\/p>\n<p>b) u\u017cycie mojego zdj\u0119cia do cel\u00f3w reklamowych konkursu,<\/p>\n<p>c) wykorzystanie przes\u0142anych materia\u0142\u00f3w do cel\u00f3w reklamowych konkursu \u201cPolonijny<br \/>\nRodzic na 6\u201d.<\/p>\n<p>Czytelny podpis osoby wyra\u017caj\u0105cej zgod\u0119 : &#8230;&#8230;&#8230;&#8230;&#8230;&#8230;&#8230;&#8230;&#8230;&#8230;&#8230;&#8230;&#8230;&#8230;&#8230;&#8230;&#8230;&#8230;&#8230;&#8230;&#8230;&#8230;..<\/p>\n<p>Miejscowo\u015b\u0107 i data &#8230;&#8230;&#8230;&#8230;&#8230;&#8230;&#8230;&#8230;&#8230;&#8230;&#8230;&#8230;&#8230;&#8230;&#8230;&#8230;&#8230;&#8230;&#8230;&#8230;&#8230;&#8230;&#8230;&#8230;&#8230;&#8230;&#8230;&#8230;&#8230;..<\/p>\n<p>Czytelny podpis osoby sk\u0142adaj\u0105cej formularz zg\u0142oszeniowy &#8230;&#8230;&#8230;&#8230;&#8230;&#8230;&#8230;&#8230;&#8230;&#8230;&#8230;&#8230;&#8230;&#8230;[\/vc_column_text][vc_empty_space height=&#8221;24px&#8221;][vc_column_text]<\/p>\n<p style=\"text-align: center;\"><a href=\"http:\/\/www.polonijnyrodzicna6.com\/wp-content\/uploads\/2026\/01\/PR6_-2026-zalacznik_3.docx.pdf\">#Za\u0142\u0105cznik 3<\/a><\/p>\n<p>[\/vc_column_text][vc_empty_space height=&#8221;24px&#8221;][vc_btn title=&#8221;Zg\u0142oszenie\/ Za\u0142\u0105cznik 3&#8243; color=&#8221;black&#8221; size=&#8221;sm&#8221; align=&#8221;center&#8221; link=&#8221;url:http%3A%2F%2Fwww.polonijnyrodzicna6.com%2Fwp-content%2Fuploads%2F2026%2F01%2FPR6_-2026-zalacznik_3.docx.pdf|title:Zgoda|target:_blank&#8221;][vc_empty_space height=&#8221;64px&#8221;][vc_row_inner][vc_column_inner width=&#8221;1\/4&#8243;][vc_single_image image=&#8221;469&#8243; img_size=&#8221;large&#8221; alignment=&#8221;center&#8221; onclick=&#8221;custom_link&#8221; img_link_target=&#8221;_blank&#8221; link=&#8221;https:\/\/www.szkolapolskapdx.org\/&#8221;][\/vc_column_inner][vc_column_inner width=&#8221;1\/4&#8243;][vc_single_image image=&#8221;520&#8243; img_size=&#8221;large&#8221; alignment=&#8221;center&#8221; onclick=&#8221;custom_link&#8221; link=&#8221;http:\/\/poolonijnyrodzicna6.com\/&#8221;][\/vc_column_inner][vc_column_inner width=&#8221;1\/4&#8243;][vc_single_image image=&#8221;470&#8243; img_size=&#8221;large&#8221; alignment=&#8221;center&#8221; onclick=&#8221;custom_link&#8221; img_link_target=&#8221;_blank&#8221; link=&#8221;https:\/\/www.kop-pl.com\/&#8221;][\/vc_column_inner][vc_column_inner width=&#8221;1\/4&#8243;][vc_single_image image=&#8221;1978&#8243; img_size=&#8221;large&#8221; alignment=&#8221;center&#8221; onclick=&#8221;custom_link&#8221; img_link_target=&#8221;_blank&#8221; link=&#8221;https:\/\/forumnauczycielipolonijnychzachodusa.org\/&#8221;][\/vc_column_inner][\/vc_row_inner][vc_empty_space height=&#8221;64px&#8221;][\/vc_column][\/vc_row]<\/p>\n","protected":false},"excerpt":{"rendered":"<p>[vc_row container=&#8221;1&#8243; css=&#8221;.vc_custom_1465474475846{margin-top: 100px !important;}&#8221;][vc_column width=&#8221;3\/12&#8243;][vc_wp_custommenu nav_menu=&#8221;25&#8243;][\/vc_column][vc_column width=&#8221;9\/12&#8243;][vc_column_text] Za\u0142\u0105cznik nr 3. na u\u017cycie informacji o laureacie w promocji konkursu \u201cPolonijny Rodzic na 6\u201d 2026 Czas trwania 1.01.2026- 31.03.2026 [\/vc_column_text][vc_empty_space][vc_column_text]W przypadku zostania laureatem konkursu wyra\u017cam zgod\u0119 na: a) przedstawienie mojej sylwetki w publikacjach i na stronach medialnych organizator\u00f3w konkursu, b) u\u017cycie mojego zdj\u0119cia do cel\u00f3w reklamowych<\/p>\n","protected":false},"author":1,"featured_media":0,"parent":0,"menu_order":0,"comment_status":"open","ping_status":"closed","template":"tpl-visual_composer.php","meta":{"footnotes":""},"class_list":["post-150","page","type-page","status-publish","hentry"],"_links":{"self":[{"href":"https:\/\/www.polonijnyrodzicna6.com\/index.php\/wp-json\/wp\/v2\/pages\/150","targetHints":{"allow":["GET"]}}],"collection":[{"href":"https:\/\/www.polonijnyrodzicna6.com\/index.php\/wp-json\/wp\/v2\/pages"}],"about":[{"href":"https:\/\/www.polonijnyrodzicna6.com\/index.php\/wp-json\/wp\/v2\/types\/page"}],"author":[{"embeddable":true,"href":"https:\/\/www.polonijnyrodzicna6.com\/index.php\/wp-json\/wp\/v2\/users\/1"}],"replies":[{"embeddable":true,"href":"https:\/\/www.polonijnyrodzicna6.com\/index.php\/wp-json\/wp\/v2\/comments?post=150"}],"version-history":[{"count":12,"href":"https:\/\/www.polonijnyrodzicna6.com\/index.php\/wp-json\/wp\/v2\/pages\/150\/revisions"}],"predecessor-version":[{"id":1985,"href":"https:\/\/www.polonijnyrodzicna6.com\/index.php\/wp-json\/wp\/v2\/pages\/150\/revisions\/1985"}],"wp:attachment":[{"href":"https:\/\/www.polonijnyrodzicna6.com\/index.php\/wp-json\/wp\/v2\/media?parent=150"}],"curies":[{"name":"wp","href":"https:\/\/api.w.org\/{rel}","templated":true}]}}