{"id":1003,"date":"2022-02-05T06:33:21","date_gmt":"2022-02-05T06:33:21","guid":{"rendered":"http:\/\/www.polonijnyrodzicna6.com\/?page_id=1003"},"modified":"2025-01-04T16:42:45","modified_gmt":"2025-01-04T16:42:45","slug":"zostan-sponsorem","status":"publish","type":"page","link":"https:\/\/www.polonijnyrodzicna6.com\/index.php\/zostan-sponsorem\/","title":{"rendered":"Zosta\u0144 sponsorem"},"content":{"rendered":"<p>[vc_row container=&#8221;1&#8243; css=&#8221;.vc_custom_1465474475846{margin-top: 100px !important;}&#8221;][vc_column][vc_custom_heading text=&#8221;Zosta\u0144 sponsorem konkursu&#8221; font_container=&#8221;tag:h1|text_align:center|color:%23dd3333&#8243;][vc_empty_space][vc_single_image image=&#8221;1890&#8243; img_size=&#8221;full&#8221; alignment=&#8221;center&#8221;][vc_empty_space][vc_custom_heading text=&#8221;Poziomy sponsorowania\/Sponsoring Levels<br \/>\nPolonijny Rodzic na 6 2025&#8243; font_container=&#8221;tag:h1|text_align:center|color:%23dd3333&#8243;][vc_empty_space][vc_row_inner][vc_column_inner][vc_column_text]<\/p>\n<h3 style=\"text-align: left;\">Poziom z\u0142oty: <strong><span style=\"color: #ff0000;\">$1000+<\/span><\/strong><\/h3>\n<ul>\n<li>pisemne podzi\u0119kowania<\/li>\n<li>Logo\/nazwa sponsora na stronach medialnych promuj\u0105cych konkurs<\/li>\n<li>Logo\/nazwa sponsora wymieniona podczas og\u0142oszenia wynik\u00f3w (stron medialne) oraz w artykule o konkursie<\/li>\n<li>reklama- logo na plakacie konkursu 2025 (ca\u0142y \u015bwiat)<\/li>\n<\/ul>\n<h3>Poziom srebrny: <span style=\"color: #ff0000;\"><strong>$500+<\/strong><\/span><\/h3>\n<ul>\n<li>pisemne podzi\u0119kowania<\/li>\n<li>Logo\/nazwa sponsora na stronach medialnych promuj\u0105cych konkurs<\/li>\n<li>Logo\/nazwa sponsora wymieniona podczas og\u0142oszenia wynik\u00f3w (stron medialne) oraz w artykule o konkursie<\/li>\n<\/ul>\n<h3>Poziom br\u0105zowy: <span style=\"color: #ff0000;\"><strong>$100+<\/strong><\/span><\/h3>\n<ul>\n<li>pisemne podzi\u0119kowania<\/li>\n<li>Logo\/nazwa sponsora na stronach medialnych promuj\u0105cych konkurs<\/li>\n<\/ul>\n<h3>Poziom przyjaciel konkursu: <span style=\"color: #ff0000;\"><strong>poni\u017cej $100<\/strong><\/span><\/h3>\n<ul>\n<li>pisemne podzi\u0119kowania<\/li>\n<\/ul>\n<p>[\/vc_column_text][\/vc_column_inner][\/vc_row_inner][vc_empty_space][vc_column_text]<\/p>\n<p style=\"text-align: center;\">List do Sponsor\u00f3w:<\/p>\n<p>[\/vc_column_text][vc_empty_space][vc_btn title=&#8221;Pobierz&#8221; color=&#8221;inverse&#8221; size=&#8221;sm&#8221; align=&#8221;center&#8221; link=&#8221;url:http%3A%2F%2Fwww.polonijnyrodzicna6.com%2Fwp-content%2Fuploads%2F2025%2F01%2FProsba-list-do-sponsorow-PR6-2025-ogolny.docx.pdf|target:_blank&#8221;][vc_empty_space][vc_single_image image=&#8221;1791&#8243; img_size=&#8221;full&#8221; alignment=&#8221;center&#8221;][vc_empty_space height=&#8221;20px&#8221;][\/vc_column][\/vc_row][vc_row container=&#8221;1&#8243; css=&#8221;.vc_custom_1465474475846{margin-top: 100px !important;}&#8221;][vc_column width=&#8221;2\/3&#8243;][vc_column_text]<\/p>\n<p style=\"text-align: right;\">Portland, stycze\u0144 2025 r.<\/p>\n<p>[\/vc_column_text][vc_empty_space][vc_column_text]<\/p>\n<p style=\"text-align: center;\">Mi\u0119dzynarodowy Konkurs POLONIJNY RODZIC NA na 6 2025<\/p>\n<p>[\/vc_column_text][vc_empty_space height=&#8221;20px&#8221;][vc_column_text]Szanowni Pa\u0144stwo,<\/p>\n<p>Jako organizatorzy VII edycji mi\u0119dzynarodowego konkursu \u201cPolonijny Rodzic na 6\u201d zwracamy si\u0119 do Was z gor\u0105c\u0105 pro\u015bb\u0105 o wsparcie naszej inicjatywy. Nab\u00f3r nominacji do\u00a0 konkurs trwa od 1 stycznia do 31 marca.<\/p>\n<p>Od 2019 roku pomys\u0142odawcy konkursu rozszerzyli jego zasi\u0119g i zaprosili do udzia\u0142u\u00a0\u00a0 rodzic\u00f3w uczni\u00f3w szk\u00f3\u0142\u00a0 polonijnych na ca\u0142ym \u015bwiecie. Tytu\u0142 <strong>\u201cPolonijny Rodzic na 6\u201d <\/strong>jest specjalnym wyr\u00f3\u017cnieniem dla wybitnych\u00a0 rodzic\u00f3w szk\u00f3\u0142 polonijnych na ca\u0142ym \u015bwiecie. Specyfika szk\u00f3\u0142 polonijnych wymaga \u015bcis\u0142ej wsp\u00f3\u0142pracy mi\u0119dzy nauczycielami, rodzicami, uczniami, \u015brodowiskiem w jakim dzia\u0142a szko\u0142a.<\/p>\n<p>Konkurs <strong>\u201cPolonijny Rodzic na 6\u201d <\/strong>ma na celu docenienie roli rodzica w rozwoju szko\u0142y polonijnej oraz podkre\u015blenie jak istotnym i wa\u017cnym jest jego zaanga\u017cowanie w prac\u0119 szko\u0142y. Ma promowa\u0107 postaw\u0119 rodzica &#8211; nauczyciela swoich dzieci, kt\u00f3ry przekazuje i piel\u0119gnuje j\u0119zyk ojczysty w swoim domu.<\/p>\n<p>Nasz\u00a0 konkurs nie mo\u017ce si\u0119 odby\u0107 bez hojno\u015bci naszych sponsor\u00f3w, kt\u00f3rym docenienie roli rodzica polonijnego, piel\u0119gnuj\u0105cego rozw\u00f3j j\u0119zyka polskiego na obczy\u017anie jest bliskie sercu. B\u0119dziemy wdzi\u0119czni za wsparcie finansowe naszego przedsi\u0119wzi\u0119cia. Do listu do\u0142\u0105czamy poziomy sponsorowania. Liczymy na Wasza\u00a0 hojno\u015b\u0107 i zaangazowanie.<\/p>\n<p>[\/vc_column_text][vc_empty_space height=&#8221;20px&#8221;][vc_column_text]Z wyrazami szacunku,<br \/>\nw imieniu Organizator\u00f3w Konkursu<br \/>\n<strong>Renata Dajnowska <\/strong>[\/vc_column_text][vc_column_text]Komisja Kulturalno &#8211; O\u015bwiatowa \u201cSzko\u0142a Polska\u201d Portland, Oregon<\/p>\n<blockquote class=\"wp-embedded-content\" data-secret=\"QNRND6wEnW\"><p><a href=\"https:\/\/www.polonijnyrodzicna6.com\/\">Konkurs<\/a><\/p><\/blockquote>\n<p><iframe loading=\"lazy\" class=\"wp-embedded-content\" sandbox=\"allow-scripts\" security=\"restricted\" style=\"position: absolute; visibility: hidden;\" title=\"&#8222;Konkurs&#8221; &#8212; Polonijny rodzic na 6\" src=\"https:\/\/www.polonijnyrodzicna6.com\/embed\/#?secret=isGgxB1PIf#?secret=QNRND6wEnW\" data-secret=\"QNRND6wEnW\" width=\"500\" height=\"282\" frameborder=\"0\" marginwidth=\"0\" marginheight=\"0\" scrolling=\"no\"><\/iframe><\/p>\n<p>polonijnyrodzicna6@gmail.com[\/vc_column_text][vc_empty_space height=&#8221;64px&#8221;][vc_btn title=&#8221;Wersja do druku.&#8221; color=&#8221;black&#8221; size=&#8221;sm&#8221; align=&#8221;center&#8221; link=&#8221;url:http%3A%2F%2Fwww.polonijnyrodzicna6.com%2Fwp-content%2Fuploads%2F2025%2F01%2FProsba-list-do-sponsorow-PR6-2025-ogolny.docx.pdf|title:List%20do%20sponsora|target:_blank&#8221;][\/vc_column][vc_column width=&#8221;1\/3&#8243;][vc_single_image image=&#8221;1860&#8243; img_size=&#8221;full&#8221; alignment=&#8221;center&#8221;][\/vc_column][\/vc_row][vc_row container=&#8221;1&#8243; css=&#8221;.vc_custom_1465474475846{margin-top: 100px !important;}&#8221;][vc_column][vc_empty_space][\/vc_column][\/vc_row]<\/p>\n","protected":false},"excerpt":{"rendered":"<p>[vc_row container=&#8221;1&#8243; css=&#8221;.vc_custom_1465474475846{margin-top: 100px !important;}&#8221;][vc_column][vc_custom_heading text=&#8221;Zosta\u0144 sponsorem konkursu&#8221; font_container=&#8221;tag:h1|text_align:center|color:%23dd3333&#8243;][vc_empty_space][vc_single_image image=&#8221;1890&#8243; img_size=&#8221;full&#8221; alignment=&#8221;center&#8221;][vc_empty_space][vc_custom_heading text=&#8221;Poziomy sponsorowania\/Sponsoring Levels Polonijny Rodzic na 6 2025&#8243; font_container=&#8221;tag:h1|text_align:center|color:%23dd3333&#8243;][vc_empty_space][vc_row_inner][vc_column_inner][vc_column_text] Poziom z\u0142oty: $1000+ pisemne podzi\u0119kowania Logo\/nazwa sponsora na stronach medialnych promuj\u0105cych konkurs Logo\/nazwa sponsora wymieniona podczas og\u0142oszenia wynik\u00f3w (stron medialne) oraz w artykule o konkursie reklama- logo na plakacie konkursu 2025 (ca\u0142y \u015bwiat) Poziom<\/p>\n","protected":false},"author":1,"featured_media":1254,"parent":0,"menu_order":0,"comment_status":"open","ping_status":"closed","template":"tpl-visual_composer.php","meta":{"footnotes":""},"class_list":["post-1003","page","type-page","status-publish","has-post-thumbnail","hentry"],"_links":{"self":[{"href":"https:\/\/www.polonijnyrodzicna6.com\/index.php\/wp-json\/wp\/v2\/pages\/1003","targetHints":{"allow":["GET"]}}],"collection":[{"href":"https:\/\/www.polonijnyrodzicna6.com\/index.php\/wp-json\/wp\/v2\/pages"}],"about":[{"href":"https:\/\/www.polonijnyrodzicna6.com\/index.php\/wp-json\/wp\/v2\/types\/page"}],"author":[{"embeddable":true,"href":"https:\/\/www.polonijnyrodzicna6.com\/index.php\/wp-json\/wp\/v2\/users\/1"}],"replies":[{"embeddable":true,"href":"https:\/\/www.polonijnyrodzicna6.com\/index.php\/wp-json\/wp\/v2\/comments?post=1003"}],"version-history":[{"count":27,"href":"https:\/\/www.polonijnyrodzicna6.com\/index.php\/wp-json\/wp\/v2\/pages\/1003\/revisions"}],"predecessor-version":[{"id":1417,"href":"https:\/\/www.polonijnyrodzicna6.com\/index.php\/wp-json\/wp\/v2\/pages\/1003\/revisions\/1417"}],"wp:featuredmedia":[{"embeddable":true,"href":"https:\/\/www.polonijnyrodzicna6.com\/index.php\/wp-json\/wp\/v2\/media\/1254"}],"wp:attachment":[{"href":"https:\/\/www.polonijnyrodzicna6.com\/index.php\/wp-json\/wp\/v2\/media?parent=1003"}],"curies":[{"name":"wp","href":"https:\/\/api.w.org\/{rel}","templated":true}]}}